{"id":76,"date":"2018-02-08T11:41:25","date_gmt":"2018-02-08T10:41:25","guid":{"rendered":"https:\/\/wahrnehmungsfoerderung.de\/rodenkirchen\/?page_id=76"},"modified":"2021-01-28T15:29:28","modified_gmt":"2021-01-28T14:29:28","slug":"anfahrt","status":"publish","type":"page","link":"https:\/\/foerderinstitut-koeln.de\/rodenkirchen\/anfahrt\/","title":{"rendered":"Anfahrt"},"content":{"rendered":"<h1>Ihr Weg zu&nbsp;uns<\/h1>\n<p><strong>Mit \u00f6ffentlichen Verkehrsmitteln:<\/strong><\/p>\n<p>Mit den Stadtbahn-Linien 16 und 17, Haltestelle Bahnhof Rodenkirchen, erreichen Sie das F\u00f6rderinstitut fu\u00dfl\u00e4ufig in 2 Minuten.<\/p>\n<p>Sie laufen stadteinw\u00e4rts auf die Kreuzung Br\u00fcckenstr. \/Ringstr. \u2013 Friedrich-Ebert.Str.\/Maternusstr. zu und biegen dann auf die Ringstr. ab. Nach wenigen Metern erreichen Sie uns auf der linken Seite vom Bahnhof kommend.<\/p>\n<p>Ebenso erreichen Sie das F\u00f6rderinstitut, wenn Sie mit den Buslinien 130, 131 oder 135 an der Haltestelle Rodenkirchen Bahnhof aussteigen.<\/p>\n<p>&nbsp;<\/p>\n<p><strong>Mit dem&nbsp;Auto:<\/strong><\/p>\n<p>Von der <span class=\"caps\">A4<\/span> kommend fahren Sie auf die <span class=\"caps\">A555<\/span> Richtung K.-Bayenthal\/K.-Rodenkirchen. Halten Sie sich rechts, um auf die Milit\u00e4rringstra\u00dfe zu fahren. Biegen Sie dann rechts auf die Stra\u00dfe Am Forstbotanischen Garten ab und wiederum auf die Friedrich-Ebert-Str. Folgen Sie dieser bis zur Kreuzung Ringstr. und biegen Sie rechts ab. Nach wenigen Metern befindet sich das&nbsp;F\u00f6rderinstitut auf der linken Seite.<\/p>\n<p>&nbsp;<\/p>\n\n","protected":false},"excerpt":{"rendered":"<p>Ihr Weg zu&nbsp;uns Mit \u00f6ffentlichen Verkehrsmitteln: Mit den Stadtbahn-Linien 16 und 17, Haltestelle Bahnhof Rodenkirchen, erreichen Sie das F\u00f6rderinstitut fu\u00dfl\u00e4ufig in 2 Minuten. Sie laufen stadteinw\u00e4rts auf die Kreuzung Br\u00fcckenstr. \/Ringstr. \u2013 Friedrich-Ebert.Str.\/Maternusstr. zu und biegen dann auf die Ringstr.<\/p>\n","protected":false},"author":1,"featured_media":0,"parent":0,"menu_order":0,"comment_status":"closed","ping_status":"closed","template":"","meta":{"wp_typography_post_enhancements_disabled":false,"footnotes":""},"tags":[],"class_list":["post-76","page","type-page","status-publish","hentry"],"_links":{"self":[{"href":"https:\/\/foerderinstitut-koeln.de\/rodenkirchen\/wp-json\/wp\/v2\/pages\/76","targetHints":{"allow":["GET"]}}],"collection":[{"href":"https:\/\/foerderinstitut-koeln.de\/rodenkirchen\/wp-json\/wp\/v2\/pages"}],"about":[{"href":"https:\/\/foerderinstitut-koeln.de\/rodenkirchen\/wp-json\/wp\/v2\/types\/page"}],"author":[{"embeddable":true,"href":"https:\/\/foerderinstitut-koeln.de\/rodenkirchen\/wp-json\/wp\/v2\/users\/1"}],"replies":[{"embeddable":true,"href":"https:\/\/foerderinstitut-koeln.de\/rodenkirchen\/wp-json\/wp\/v2\/comments?post=76"}],"version-history":[{"count":7,"href":"https:\/\/foerderinstitut-koeln.de\/rodenkirchen\/wp-json\/wp\/v2\/pages\/76\/revisions"}],"predecessor-version":[{"id":273,"href":"https:\/\/foerderinstitut-koeln.de\/rodenkirchen\/wp-json\/wp\/v2\/pages\/76\/revisions\/273"}],"wp:attachment":[{"href":"https:\/\/foerderinstitut-koeln.de\/rodenkirchen\/wp-json\/wp\/v2\/media?parent=76"}],"wp:term":[{"taxonomy":"post_tag","embeddable":true,"href":"https:\/\/foerderinstitut-koeln.de\/rodenkirchen\/wp-json\/wp\/v2\/tags?post=76"}],"curies":[{"name":"wp","href":"https:\/\/api.w.org\/{rel}","templated":true}]}}