{"id":25,"date":"2018-02-02T12:48:48","date_gmt":"2018-02-02T11:48:48","guid":{"rendered":"https:\/\/wahrnehmungsfoerderung.de\/rodenkirchen\/?page_id=25"},"modified":"2018-02-21T09:54:04","modified_gmt":"2018-02-21T08:54:04","slug":"foerderinstitut","status":"publish","type":"page","link":"https:\/\/foerderinstitut-koeln.de\/rodenkirchen\/","title":{"rendered":"F\u00f6rderinstitut"},"content":{"rendered":"<p>Unser F\u00f6rderinstitut hat es sich zur Aufgabe gemacht, Kindern und Jugendlichen mit besonderen<strong> Schwierigkeiten beim Erwerb der Lese\u2011, Schreib- und Rechenf\u00e4higkeit<\/strong> zu helfen.<\/p>\n<p>Die Arbeit an diesen Problemen nimmt in unserer Gesellschaft einen immer gr\u00f6\u00dferen Stellenwert ein. Schriftsprache und Rechnen geh\u00f6ren heute mehr denn je zu den zentralen Kulturtechniken, ohne deren Beherrschung dem Einzelnen der Weg in eine Teilhabe an der Gesellschaft sowie am Erwerbsleben weitgehend verschlossen bleibt.<\/p>\n<p>Leider ist es auch heute noch so, dass viele Kinder und Jugendliche mit Lese- \/ Rechtschreib- bzw. Rechenproblemen in den f\u00fcr den Erwerb dieser F\u00e4higkeiten wichtigen Phasen keine angemessene<br>\nUnterst\u00fctzung erhalten. Oft verlassen sie die Schule, ohne hinreichend lesen, schreiben und rechnen zu k\u00f6nnen.<\/p>\n<p>Zurzeit geht man von \u00fcber <strong>7 Millionen<\/strong> (!) erwachsenen Mitb\u00fcrgern aus, die sog. funktionale Analphabeten sind, also zwar rudiment\u00e4re schriftsprachliche Kenntnisse haben, aber dennoch nicht in der Lage sind, Texte Sinn entnehmend zu entschl\u00fcsseln bzw. zu verfassen.<\/p>\n<p>Es liegen noch keine Zahlen dar\u00fcber vor, wie viele Menschen in unserer Gesellschaft unter einer Rechenschw\u00e4che leiden.<\/p>\n<p><strong>Wie Sie Ihrem Kind helfen k\u00f6nnen erfahren Sie&nbsp;hier:<\/strong><\/p>\n<div class=\"tg-one-half\">\n<section id=\"text-4\" class=\"widget widget_text clearfix\" title=\"Shift-Klick, um dieses Widget zu bearbeiten.\" data-customize-partial-id=\"widget[text-4]\" data-customize-partial-type=\"widget\" data-customize-partial-placement-context=\"{&quot;sidebar_id&quot;:&quot;spacious_business_page_middle_section_left_half_sidebar&quot;,&quot;sidebar_instance_number&quot;:1}\" data-customize-widget-id=\"text-4\">\n<div class=\"textwidget\">\n<p><a href=\"https:\/\/foerderinstitut-koeln.de\/rodenkirchen\/lrs\/\"><span class=\"caps\">LRS<\/span><br>\nLese-&nbsp;und<br>\nRechtschreibschw\u00e4che<\/a><\/p>\n<\/div>\n<\/section>\n<p><!--dynamic_sidebar_after:spacious_business_page_middle_section_left_half_sidebar:1--><\/p>\n<\/div>\n<div class=\"tg-one-half tg-one-half-last\">\n<p><!--dynamic_sidebar_before:spacious_business_page_middle_section_right_half_sidebar:1--><\/p>\n<section id=\"text-5\" class=\"widget widget_text clearfix\" title=\"Shift-Klick, um dieses Widget zu bearbeiten.\" data-customize-partial-id=\"widget[text-5]\" data-customize-partial-type=\"widget\" data-customize-partial-placement-context=\"{&quot;sidebar_id&quot;:&quot;spacious_business_page_middle_section_right_half_sidebar&quot;,&quot;sidebar_instance_number&quot;:1}\" data-customize-widget-id=\"text-5\">\n<div class=\"textwidget\">\n<p><a href=\"https:\/\/foerderinstitut-koeln.de\/rodenkirchen\/dyskalkulie\/\">Dyskalkulie<br>\nRechenschw\u00e4che<\/a><\/p>\n<\/div>\n<\/section>\n<p><!--dynamic_sidebar_after:spacious_business_page_middle_section_right_half_sidebar:1--><\/p>\n<\/div>\n","protected":false},"excerpt":{"rendered":"<p>Unser F\u00f6rderinstitut hat es sich zur Aufgabe gemacht, Kindern und Jugendlichen mit besonderen Schwierigkeiten beim Erwerb der Lese\u2011, Schreib- und Rechenf\u00e4higkeit zu helfen. Die Arbeit an diesen Problemen nimmt in unserer Gesellschaft einen immer gr\u00f6\u00dferen Stellenwert ein. Schriftsprache und Rechnen<\/p>\n","protected":false},"author":1,"featured_media":0,"parent":0,"menu_order":0,"comment_status":"closed","ping_status":"closed","template":"","meta":{"wp_typography_post_enhancements_disabled":false,"footnotes":""},"tags":[2,3,4,5,6,7,8,9,10,11,12,13],"class_list":["post-25","page","type-page","status-publish","hentry","tag-analphabeten","tag-dyskalkulie","tag-dyslexie","tag-foerderinstitut","tag-legasthenie","tag-lrs","tag-rechenprobleme","tag-rechenschwaeche","tag-rechnen","tag-schriftsprache","tag-schwierigkeiten","tag-stoerungen-des-schriftspracherwerbs"],"_links":{"self":[{"href":"https:\/\/foerderinstitut-koeln.de\/rodenkirchen\/wp-json\/wp\/v2\/pages\/25","targetHints":{"allow":["GET"]}}],"collection":[{"href":"https:\/\/foerderinstitut-koeln.de\/rodenkirchen\/wp-json\/wp\/v2\/pages"}],"about":[{"href":"https:\/\/foerderinstitut-koeln.de\/rodenkirchen\/wp-json\/wp\/v2\/types\/page"}],"author":[{"embeddable":true,"href":"https:\/\/foerderinstitut-koeln.de\/rodenkirchen\/wp-json\/wp\/v2\/users\/1"}],"replies":[{"embeddable":true,"href":"https:\/\/foerderinstitut-koeln.de\/rodenkirchen\/wp-json\/wp\/v2\/comments?post=25"}],"version-history":[{"count":2,"href":"https:\/\/foerderinstitut-koeln.de\/rodenkirchen\/wp-json\/wp\/v2\/pages\/25\/revisions"}],"predecessor-version":[{"id":135,"href":"https:\/\/foerderinstitut-koeln.de\/rodenkirchen\/wp-json\/wp\/v2\/pages\/25\/revisions\/135"}],"wp:attachment":[{"href":"https:\/\/foerderinstitut-koeln.de\/rodenkirchen\/wp-json\/wp\/v2\/media?parent=25"}],"wp:term":[{"taxonomy":"post_tag","embeddable":true,"href":"https:\/\/foerderinstitut-koeln.de\/rodenkirchen\/wp-json\/wp\/v2\/tags?post=25"}],"curies":[{"name":"wp","href":"https:\/\/api.w.org\/{rel}","templated":true}]}}