{"id":102,"date":"2018-02-08T12:03:30","date_gmt":"2018-02-08T11:03:30","guid":{"rendered":"https:\/\/wahrnehmungsfoerderung.de\/rodenkirchen\/?page_id=102"},"modified":"2018-05-04T12:13:37","modified_gmt":"2018-05-04T10:13:37","slug":"kennzeichen-von-dyskalkulie","status":"publish","type":"page","link":"https:\/\/foerderinstitut-koeln.de\/rodenkirchen\/dyskalkulie\/kennzeichen-von-dyskalkulie\/","title":{"rendered":"Kennzeichen von Dyskalkulie"},"content":{"rendered":"<h2><strong>Hier einige Auff\u00e4lligkeiten bei Kindern mit einer Rechenschw\u00e4che:<\/strong><\/h2>\n<ul>\n<li>Ihr Kind verwechselt Einer und Zehner (Beispiel: 23\/32).<\/li>\n<li>Ihr Kind verwechselt Rechenzeichen. Es rechnet z.B. plus, wenn minus gerechnet werden muss (Beispiel: 6\u20134 =10).<\/li>\n<li>Ihr Kind rechnet vorwiegend oder ausschlie\u00dflich mit den Fingern. Diese Fingerz\u00e4hlmethode belastet das Kurzzeitged\u00e4chtnis und ist beim Rechnen mit gro\u00dfen Zahlen sowie bei notwendigen Zehner\u00fcberg\u00e4ngen fehleranf\u00e4llig.<\/li>\n<li>Ihr Kind kann eine Aufgabe nur mit konkretem Material durchf\u00fchren.<\/li>\n<li>Ihr Kind verrechnet sich h\u00e4ufig bei Zehner\u00fcberg\u00e4ngen oder kann diese Aufgaben nur z\u00e4hlend l\u00f6sen.<\/li>\n<li>Ihr Kind hat Schwierigkeiten mit der Null als Zahl oder Ziffer.<\/li>\n<li>Ihrem Kind erkennt die \u00c4hnlichkeit der Aufgaben nicht (Beispiel: 3+4\/13+4).<\/li>\n<li>Ihrem Kind gelingt es nicht, aus Textaufgaben die wichtigsten Informationen zu entnehmen.<\/li>\n<li>Ihr Kind kann offensichtlich falsche L\u00f6sungen nicht erkennen.<\/li>\n<li>Ihr Kind hat Schwierigkeiten, die Uhrzeit zu erlernen.<\/li>\n<li>Ihr Kind kann sich die 1x1-Reihen nicht merken.<\/li>\n<li>Ihr Kind traut sich nicht einzukaufen, da es das Restgeld nicht bestimmen kann.<\/li>\n<li>Ihr Kind hat keine Vorstellung von Sachgr\u00f6\u00dfen (Zentimeter\/Meter\/Kilogramm).<\/li>\n<li>Ihr Kind vermeidet Kopfrechenaufgaben und rechnet auch leichte Plusaufgaben schriftlich.<\/li>\n<li>Ihr Kind hat Schwierigkeiten, Zahlen korrekt zu lesen oder aufzuschreiben.<\/li>\n<\/ul>\n<p>Treten bei Ihrem Kind einige der genannten Auff\u00e4lligkeiten auf, rufen Sie uns gerne&nbsp;an.<\/p>\n","protected":false},"excerpt":{"rendered":"<p>Hier einige Auff\u00e4lligkeiten bei Kindern mit einer Rechenschw\u00e4che: Ihr Kind verwechselt Einer und Zehner (Beispiel: 23\/32). Ihr Kind verwechselt Rechenzeichen. Es rechnet z.B. plus, wenn minus gerechnet werden muss (Beispiel: 6\u20134 =10). Ihr Kind rechnet vorwiegend oder ausschlie\u00dflich mit&nbsp;den<\/p>\n","protected":false},"author":1,"featured_media":0,"parent":98,"menu_order":0,"comment_status":"closed","ping_status":"closed","template":"","meta":{"wp_typography_post_enhancements_disabled":false,"footnotes":""},"tags":[3,9],"class_list":["post-102","page","type-page","status-publish","hentry","tag-dyskalkulie","tag-rechenschwaeche"],"_links":{"self":[{"href":"https:\/\/foerderinstitut-koeln.de\/rodenkirchen\/wp-json\/wp\/v2\/pages\/102","targetHints":{"allow":["GET"]}}],"collection":[{"href":"https:\/\/foerderinstitut-koeln.de\/rodenkirchen\/wp-json\/wp\/v2\/pages"}],"about":[{"href":"https:\/\/foerderinstitut-koeln.de\/rodenkirchen\/wp-json\/wp\/v2\/types\/page"}],"author":[{"embeddable":true,"href":"https:\/\/foerderinstitut-koeln.de\/rodenkirchen\/wp-json\/wp\/v2\/users\/1"}],"replies":[{"embeddable":true,"href":"https:\/\/foerderinstitut-koeln.de\/rodenkirchen\/wp-json\/wp\/v2\/comments?post=102"}],"version-history":[{"count":2,"href":"https:\/\/foerderinstitut-koeln.de\/rodenkirchen\/wp-json\/wp\/v2\/pages\/102\/revisions"}],"predecessor-version":[{"id":109,"href":"https:\/\/foerderinstitut-koeln.de\/rodenkirchen\/wp-json\/wp\/v2\/pages\/102\/revisions\/109"}],"up":[{"embeddable":true,"href":"https:\/\/foerderinstitut-koeln.de\/rodenkirchen\/wp-json\/wp\/v2\/pages\/98"}],"wp:attachment":[{"href":"https:\/\/foerderinstitut-koeln.de\/rodenkirchen\/wp-json\/wp\/v2\/media?parent=102"}],"wp:term":[{"taxonomy":"post_tag","embeddable":true,"href":"https:\/\/foerderinstitut-koeln.de\/rodenkirchen\/wp-json\/wp\/v2\/tags?post=102"}],"curies":[{"name":"wp","href":"https:\/\/api.w.org\/{rel}","templated":true}]}}