{"id":73,"date":"2018-01-04T12:30:38","date_gmt":"2018-01-04T11:30:38","guid":{"rendered":"https:\/\/wahrnehmungsfoerderung.de\/hoehenberg\/?page_id=73"},"modified":"2019-03-19T10:52:21","modified_gmt":"2019-03-19T09:52:21","slug":"raeumlichkeiten","status":"publish","type":"page","link":"https:\/\/foerderinstitut-koeln.de\/hoehenberg\/raeumlichkeiten\/","title":{"rendered":"R\u00e4umlichkeiten"},"content":{"rendered":"<p>Unsere R\u00e4umlichkeiten liegen in H\u00f6henberg, an der Ecke Fuldaer Stra\u00dfe\/Olpener Stra\u00dfe, in unmittelbarer N\u00e4he zur Haltestelle der Linie 1 und zum Bus&nbsp;153.<\/p>\n<p>Das F\u00f6rderinstitut befindet sich im 1. Stock des neu errichteten Hauses von ProLog. Unser Team arbeitet in 6 verschiedenen hellen, freundlichen und gro\u00dfen R\u00e4umen.<\/p>\n<p>Ein Aufzug ist vorhanden.<\/p>\n","protected":false},"excerpt":{"rendered":"<p>Unsere R\u00e4umlichkeiten liegen in H\u00f6henberg, an der Ecke Fuldaer Stra\u00dfe\/Olpener Stra\u00dfe, in unmittelbarer N\u00e4he zur Haltestelle der Linie 1 und zum Bus&nbsp;153. Das F\u00f6rderinstitut befindet sich im 1. Stock des neu errichteten Hauses von ProLog. Unser Team arbeitet in&nbsp;6<\/p>\n","protected":false},"author":1,"featured_media":0,"parent":0,"menu_order":0,"comment_status":"closed","ping_status":"closed","template":"","meta":{"wp_typography_post_enhancements_disabled":false,"footnotes":""},"tags":[22],"class_list":["post-73","page","type-page","status-publish","hentry","tag-foerderinstitut"],"_links":{"self":[{"href":"https:\/\/foerderinstitut-koeln.de\/hoehenberg\/wp-json\/wp\/v2\/pages\/73","targetHints":{"allow":["GET"]}}],"collection":[{"href":"https:\/\/foerderinstitut-koeln.de\/hoehenberg\/wp-json\/wp\/v2\/pages"}],"about":[{"href":"https:\/\/foerderinstitut-koeln.de\/hoehenberg\/wp-json\/wp\/v2\/types\/page"}],"author":[{"embeddable":true,"href":"https:\/\/foerderinstitut-koeln.de\/hoehenberg\/wp-json\/wp\/v2\/users\/1"}],"replies":[{"embeddable":true,"href":"https:\/\/foerderinstitut-koeln.de\/hoehenberg\/wp-json\/wp\/v2\/comments?post=73"}],"version-history":[{"count":3,"href":"https:\/\/foerderinstitut-koeln.de\/hoehenberg\/wp-json\/wp\/v2\/pages\/73\/revisions"}],"predecessor-version":[{"id":78,"href":"https:\/\/foerderinstitut-koeln.de\/hoehenberg\/wp-json\/wp\/v2\/pages\/73\/revisions\/78"}],"wp:attachment":[{"href":"https:\/\/foerderinstitut-koeln.de\/hoehenberg\/wp-json\/wp\/v2\/media?parent=73"}],"wp:term":[{"taxonomy":"post_tag","embeddable":true,"href":"https:\/\/foerderinstitut-koeln.de\/hoehenberg\/wp-json\/wp\/v2\/tags?post=73"}],"curies":[{"name":"wp","href":"https:\/\/api.w.org\/{rel}","templated":true}]}}