{"id":61,"date":"2017-12-17T11:49:41","date_gmt":"2017-12-17T10:49:41","guid":{"rendered":"https:\/\/wahrnehmungsfoerderung.de\/hoehenberg\/?page_id=61"},"modified":"2019-03-19T11:14:28","modified_gmt":"2019-03-19T10:14:28","slug":"lrs","status":"publish","type":"page","link":"https:\/\/foerderinstitut-koeln.de\/hoehenberg\/lrs\/","title":{"rendered":"Lese-Rechtschreibschw\u00e4che (<span class=\"caps\">LRS<\/span>)"},"content":{"rendered":"<h1>Lese-Rechtschreibschw\u00e4che (<span class=\"caps\">LRS<\/span>)<\/h1>\n<p>Die <span class=\"caps\">LRS<\/span> (manchmal auch Legasthenie) geh\u00f6rt zu den sog. Teilleistungsschw\u00e4chen, hat also oft nichts mit der allgemeinen Denk- und Wahrnehmungsentwicklung zu tun. St\u00f6rungen des Lesen- und Schreibenlernens k\u00f6nnen sich auf unterschiedlichste Arten und Weisen ank\u00fcndigen bzw. manifestieren. Die Defizite erstrecken sich dabei vom v\u00f6lligen Scheitern beim Erlernen von Buchstaben bzw. Buchstaben-Laut-Beziehungen bis hin zu Abweichungen bei der Rechtschreibung, der Lesesinnentnahme oder auch der Lesegeschwindigkeit. Dazwischen liegen zahlreiche Typen systematischer Fehlleistungen wie zum Teil auch h\u00f6chst individueller Defizite.<\/p>\n<p>Insgesamt k\u00f6nnen Fehlentwicklungen des Lesen- und Schreibenlernens heutzutage durchaus treffsicher diagnostiziert und in der Folge auch behandelt werden. Dazu bedarf es enger Kooperationen zwischen Sprach- und Lerntherapeuten, Lehrern, \u00c4rzten (Kinder\u00e4rzten bzw. Kinder- und Jugendpsychiatern) und Eltern.<br>\nNicht selten basieren Lese-\/Rechtschreibschw\u00e4chen auf logop\u00e4disch relevanten Sachverhalten wie zum Beispiel Lautunterscheidungsproblemen oder Problemen bei der (auditiven) Verarbeitung von H\u00f6reindr\u00fccken. Besondere Relevanz hat gerade in letzter Zeit der Begriff der \u201ephonologischen Bewusstheit\u201c gewonnen, der als Sammelbecken f\u00fcr viele der Schriftsprache vorausgehenden Vorl\u00e4uferf\u00e4higkeiten dient.<\/p>\n<p>Eine basal ansetzende, systematisch geplante und fachgerecht durchgef\u00fchrte Therapie setzt zwar den Einsatz erheblicher Zeit- und Kraftressourcen voraus, lohnt sich jedoch au\u00dferordentlich wegen ihrer das Kind entlastenden Ergebnisse.<\/p>\n<p>Die Behandlung in unserem Institut kann grunds\u00e4tzlich privat bezahlt werden. F\u00f6rderm\u00f6glichkeiten \u00fcber die Stadt K\u00f6ln sind auch m\u00f6glich, wenn ein sog. \u201eau\u00dferschulischer F\u00f6rderungsbedarf\u201c festgestellt wird. Informationen \u00fcber das Verfahren und seinen Ablauf geben wir Ihnen gerne telefonisch.<\/p>\n","protected":false},"excerpt":{"rendered":"<p>Lese-Rechtschreibschw\u00e4che (<span class=\"caps\">LRS<\/span>) Die <span class=\"caps\">LRS<\/span> (manchmal auch Legasthenie) geh\u00f6rt zu den sog. Teilleistungsschw\u00e4chen, hat also oft nichts mit der allgemeinen Denk- und Wahrnehmungsentwicklung zu tun. St\u00f6rungen des Lesen- und Schreibenlernens k\u00f6nnen sich auf unterschiedlichste Arten und Weisen ank\u00fcndigen bzw. manifestieren. Die<\/p>\n","protected":false},"author":1,"featured_media":0,"parent":0,"menu_order":0,"comment_status":"closed","ping_status":"closed","template":"","meta":{"wp_typography_post_enhancements_disabled":false,"footnotes":""},"tags":[32,37,27,38,29,28,35,34,17,33],"class_list":["post-61","page","type-page","status-publish","hentry","tag-buchstaben-laut-beziehungen","tag-foerdermoeglichkeiten","tag-koeln","tag-lautunterscheidungsprobleme","tag-legasthenie","tag-lese-rechtschreibschwaeche","tag-lesegeschwindigkeit","tag-lesesinnentnahme","tag-lrs","tag-rechtschreibung"],"_links":{"self":[{"href":"https:\/\/foerderinstitut-koeln.de\/hoehenberg\/wp-json\/wp\/v2\/pages\/61","targetHints":{"allow":["GET"]}}],"collection":[{"href":"https:\/\/foerderinstitut-koeln.de\/hoehenberg\/wp-json\/wp\/v2\/pages"}],"about":[{"href":"https:\/\/foerderinstitut-koeln.de\/hoehenberg\/wp-json\/wp\/v2\/types\/page"}],"author":[{"embeddable":true,"href":"https:\/\/foerderinstitut-koeln.de\/hoehenberg\/wp-json\/wp\/v2\/users\/1"}],"replies":[{"embeddable":true,"href":"https:\/\/foerderinstitut-koeln.de\/hoehenberg\/wp-json\/wp\/v2\/comments?post=61"}],"version-history":[{"count":6,"href":"https:\/\/foerderinstitut-koeln.de\/hoehenberg\/wp-json\/wp\/v2\/pages\/61\/revisions"}],"predecessor-version":[{"id":113,"href":"https:\/\/foerderinstitut-koeln.de\/hoehenberg\/wp-json\/wp\/v2\/pages\/61\/revisions\/113"}],"wp:attachment":[{"href":"https:\/\/foerderinstitut-koeln.de\/hoehenberg\/wp-json\/wp\/v2\/media?parent=61"}],"wp:term":[{"taxonomy":"post_tag","embeddable":true,"href":"https:\/\/foerderinstitut-koeln.de\/hoehenberg\/wp-json\/wp\/v2\/tags?post=61"}],"curies":[{"name":"wp","href":"https:\/\/api.w.org\/{rel}","templated":true}]}}