{"id":160,"date":"2017-10-30T07:46:36","date_gmt":"2017-10-30T06:46:36","guid":{"rendered":"https:\/\/wahrnehmungsfoerderung.de\/ehrenfeld\/?page_id=160"},"modified":"2017-10-30T10:03:53","modified_gmt":"2017-10-30T09:03:53","slug":"ueber-uns","status":"publish","type":"page","link":"https:\/\/foerderinstitut-koeln.de\/ehrenfeld\/ueber-uns\/","title":{"rendered":"Wir \u00fcber&nbsp;uns"},"content":{"rendered":"<h1>Wir \u00fcber&nbsp;uns<\/h1>\n<p><strong>Die Geschichte<\/strong><\/p>\n<p>Das F\u00f6rderinstitut ProLog <span class=\"caps\">WISSEN<\/span> wurde im Jahre 2002 vom gleichnamigen ProLog-Verlag als Erweiterung der bis dahin geleisteten sprachtherapeutischen Verlagsarbeit gegr\u00fcndet. Zeitgleich gr\u00fcndete sich im Rahmen von ProLog <span class=\"caps\">WISSEN<\/span> der Fort- und Weiterbildungszweig von ProLog. Es finden dort zurzeit j\u00e4hrlich und bundesweit \u00fcber 350 Seminare und acht berufsbegleitende Weiterbildungen f\u00fcr Logop\u00e4dInnen\/SprachtherapeutInnen bzw. (Sonder-)P\u00e4dagogInnen statt. Im Rahmen dieser Weiterbildungsaktivit\u00e4ten entwickelte ProLog gemeinsam mit dem Bundesverband Legasthenie und Dyskalkulie (<span class=\"caps\">BVL<\/span>) auch zwei zertifizierte Weiterbildungen: die eine zum zertifizierten Dyslexietherapeuten nach <span class=\"caps\">BVL<\/span> und die andere zum zertifizierten Dyskalkulietherapeuten nach <span class=\"caps\">BVL<\/span>. N\u00e4heres dazu finden Sie auch auf der Homepage von ProLog <span class=\"caps\">WISSEN<\/span>.<\/p>\n<p>Sehr fr\u00fch auch wurde unser F\u00f6rderinstitut zu einem wichtigen Kooperationspartner der Stadt K\u00f6ln, mit deren schulpsychologischem Dienst, Jugend- und Sozialamt wir in einem fruchtbaren Dialog stehen. Diese Anerkennung als F\u00f6rderinstitut f\u00fchrt dazu, dass Eltern mit Kindern, die einen au\u00dferschulischen F\u00f6rderbedarf aufweisen, einen entsprechenden Antrag auf Kosten\u00fcbernahme beim Jugendamt der Stadt K\u00f6ln stellen k\u00f6nnen.<\/p>\n<p>\u00dcber die genaue Vorgehensweise informieren wir Sie gerne telefonisch.<\/p>\n","protected":false},"excerpt":{"rendered":"<p>Wir \u00fcber&nbsp;uns Die Geschichte Das F\u00f6rderinstitut ProLog <span class=\"caps\">WISSEN<\/span> wurde im Jahre 2002 vom gleichnamigen ProLog-Verlag als Erweiterung der bis dahin geleisteten sprachtherapeutischen Verlagsarbeit gegr\u00fcndet. Zeitgleich gr\u00fcndete sich im Rahmen von ProLog <span class=\"caps\">WISSEN<\/span> der Fort- und Weiterbildungszweig von ProLog. Es finden<\/p>\n","protected":false},"author":1,"featured_media":0,"parent":0,"menu_order":0,"comment_status":"closed","ping_status":"closed","template":"","meta":{"wp_typography_post_enhancements_disabled":false,"footnotes":""},"tags":[],"class_list":["post-160","page","type-page","status-publish","hentry"],"_links":{"self":[{"href":"https:\/\/foerderinstitut-koeln.de\/ehrenfeld\/wp-json\/wp\/v2\/pages\/160","targetHints":{"allow":["GET"]}}],"collection":[{"href":"https:\/\/foerderinstitut-koeln.de\/ehrenfeld\/wp-json\/wp\/v2\/pages"}],"about":[{"href":"https:\/\/foerderinstitut-koeln.de\/ehrenfeld\/wp-json\/wp\/v2\/types\/page"}],"author":[{"embeddable":true,"href":"https:\/\/foerderinstitut-koeln.de\/ehrenfeld\/wp-json\/wp\/v2\/users\/1"}],"replies":[{"embeddable":true,"href":"https:\/\/foerderinstitut-koeln.de\/ehrenfeld\/wp-json\/wp\/v2\/comments?post=160"}],"version-history":[{"count":2,"href":"https:\/\/foerderinstitut-koeln.de\/ehrenfeld\/wp-json\/wp\/v2\/pages\/160\/revisions"}],"predecessor-version":[{"id":162,"href":"https:\/\/foerderinstitut-koeln.de\/ehrenfeld\/wp-json\/wp\/v2\/pages\/160\/revisions\/162"}],"wp:attachment":[{"href":"https:\/\/foerderinstitut-koeln.de\/ehrenfeld\/wp-json\/wp\/v2\/media?parent=160"}],"wp:term":[{"taxonomy":"post_tag","embeddable":true,"href":"https:\/\/foerderinstitut-koeln.de\/ehrenfeld\/wp-json\/wp\/v2\/tags?post=160"}],"curies":[{"name":"wp","href":"https:\/\/api.w.org\/{rel}","templated":true}]}}